{"id":4069,"date":"2024-03-21T15:39:22","date_gmt":"2024-03-21T14:39:22","guid":{"rendered":"https:\/\/battri.co\/?page_id=4069"},"modified":"2026-04-13T11:47:35","modified_gmt":"2026-04-13T09:47:35","slug":"nous-rejoindre","status":"publish","type":"page","link":"https:\/\/battri.co\/fr\/nous-rejoindre\/","title":{"rendered":"Nous rejoindre"},"content":{"rendered":"\t\t<div data-elementor-type=\"wp-page\" data-elementor-id=\"4069\" class=\"elementor elementor-4069\" data-elementor-post-type=\"page\">\n\t\t\t\t\t\t<section class=\"elementor-section elementor-top-section elementor-element elementor-element-07c55fa elementor-section-full_width elementor-section-height-default elementor-section-height-default\" data-id=\"07c55fa\" data-element_type=\"section\">\n\t\t\t\t\t\t<div class=\"elementor-container elementor-column-gap-default\">\n\t\t\t\t\t<div class=\"elementor-column elementor-col-50 elementor-top-column elementor-element elementor-element-0445b2b\" data-id=\"0445b2b\" data-element_type=\"column\">\n\t\t\t<div class=\"elementor-widget-wrap elementor-element-populated\">\n\t\t\t\t\t\t<div class=\"elementor-element elementor-element-2305fa7 elementor-widget elementor-widget-heading\" data-id=\"2305fa7\" data-element_type=\"widget\" data-widget_type=\"heading.default\">\n\t\t\t\t<div class=\"elementor-widget-container\">\n\t\t\t\t\t<h3 class=\"elementor-heading-title elementor-size-default\">Nous rejoindre<\/h3>\t\t\t\t<\/div>\n\t\t\t\t<\/div>\n\t\t\t\t<div class=\"elementor-element elementor-element-18f3e9ae elementor-widget__width-initial elementor-widget elementor-widget-text-editor\" data-id=\"18f3e9ae\" data-element_type=\"widget\" data-widget_type=\"text-editor.default\">\n\t\t\t\t<div class=\"elementor-widget-container\">\n\t\t\t\t\t\t\t\t\t<p><span style=\"color: var( --e-global-color-primary ); letter-spacing: 0px;\">Nous avons pour objectif de devenir un acteur europ\u00e9en incontournable dans le recyclage des batteries lithium-ion.<\/span><\/p>\n<p><\/p>\n<p>Vous \u00eates un(e) entrepreneur(se) dans l\u2019\u00e2me, vous aimez l\u2019industrie et vous voulez participer au d\u00e9veloppement d\u2019une start-up \u00e0 impact ? Rejoignez-nous !<\/p>\t\t\t\t\t\t\t\t<\/div>\n\t\t\t\t<\/div>\n\t\t\t\t\t<\/div>\n\t\t<\/div>\n\t\t\t\t<div class=\"elementor-column elementor-col-50 elementor-top-column elementor-element elementor-element-6ad69dad elementor-hidden-tablet elementor-hidden-mobile\" data-id=\"6ad69dad\" data-element_type=\"column\" data-settings=\"{&quot;background_background&quot;:&quot;classic&quot;}\">\n\t\t\t<div class=\"elementor-widget-wrap elementor-element-populated\">\n\t\t\t\t\t\t<div class=\"elementor-element elementor-element-989f1ef elementor-hidden-tablet elementor-hidden-mobile elementor-widget elementor-widget-spacer\" data-id=\"989f1ef\" data-element_type=\"widget\" data-widget_type=\"spacer.default\">\n\t\t\t\t<div class=\"elementor-widget-container\">\n\t\t\t\t\t\t\t<div class=\"elementor-spacer\">\n\t\t\t<div class=\"elementor-spacer-inner\"><\/div>\n\t\t<\/div>\n\t\t\t\t\t\t<\/div>\n\t\t\t\t<\/div>\n\t\t\t\t\t<\/div>\n\t\t<\/div>\n\t\t\t\t\t<\/div>\n\t\t<\/section>\n\t\t\t\t<section class=\"elementor-section elementor-top-section elementor-element elementor-element-7d00257 elementor-section-full_width elementor-section-height-default elementor-section-height-default\" data-id=\"7d00257\" data-element_type=\"section\" data-settings=\"{&quot;background_background&quot;:&quot;classic&quot;}\">\n\t\t\t\t\t\t<div class=\"elementor-container elementor-column-gap-default\">\n\t\t\t\t\t<div class=\"elementor-column elementor-col-100 elementor-top-column elementor-element elementor-element-66efb64\" data-id=\"66efb64\" data-element_type=\"column\">\n\t\t\t<div class=\"elementor-widget-wrap elementor-element-populated\">\n\t\t\t\t\t\t<div class=\"elementor-element elementor-element-236afe7 elementor-widget elementor-widget-heading\" data-id=\"236afe7\" data-element_type=\"widget\" data-widget_type=\"heading.default\">\n\t\t\t\t<div class=\"elementor-widget-container\">\n\t\t\t\t\t<h5 class=\"elementor-heading-title elementor-size-default\">Offres d'emploi<\/h5>\t\t\t\t<\/div>\n\t\t\t\t<\/div>\n\t\t\t\t\t<\/div>\n\t\t<\/div>\n\t\t\t\t\t<\/div>\n\t\t<\/section>\n\t\t\t\t<section class=\"elementor-section elementor-top-section elementor-element elementor-element-7d64cc2 elementor-section-boxed elementor-section-height-default elementor-section-height-default\" data-id=\"7d64cc2\" data-element_type=\"section\" data-settings=\"{&quot;background_background&quot;:&quot;classic&quot;}\">\n\t\t\t\t\t\t<div class=\"elementor-container elementor-column-gap-default\">\n\t\t\t\t\t<div class=\"elementor-column elementor-col-100 elementor-top-column elementor-element elementor-element-b000e68\" data-id=\"b000e68\" data-element_type=\"column\">\n\t\t\t<div class=\"elementor-widget-wrap elementor-element-populated\">\n\t\t\t\t\t\t<div class=\"elementor-element elementor-element-7ceecee elementor-widget elementor-widget-text-editor\" data-id=\"7ceecee\" data-element_type=\"widget\" data-widget_type=\"text-editor.default\">\n\t\t\t\t<div class=\"elementor-widget-container\">\n\t\t\t\t\t\t\t\t\t\t<div class=\"awsm-job-wrap awsm-job-form-plugin-style\">\n\n\t\t<div class=\"awsm-filter-wrap awsm-no-search-filter-wrap\"><form action=\"https:\/\/battri.co\/wp-admin\/admin-ajax.php\" method=\"POST\"><a href=\"#\" class=\"awsm-filter-toggle\" role=\"button\" aria-pressed=\"false\"><span class=\"awsm-filter-toggle-text-wrapper\">Filter by<\/span><svg width=\"100\" height=\"100\" viewBox=\"0 0 100 100\" xmlns=\"http:\/\/www.w3.org\/2000\/svg\" version=\"1.1\" preserveAspectRatio=\"xMinYMin\"><path xmlns=\"http:\/\/www.w3.org\/2000\/svg\" fill=\"rgb(9.803922%,9.803922%,9.803922%)\" d=\"M 36.417969 19.9375 L 36.417969 17.265625 C 36.417969 16.160156 35.523438 15.265625 34.417969 15.265625 L 21.578125 15.265625 C 20.476562 15.265625 19.578125 16.160156 19.578125 17.265625 L 19.578125 19.9375 L 11 19.9375 L 11 26.9375 L 19.578125 26.9375 L 19.578125 30.105469 C 19.578125 31.210938 20.476562 32.105469 21.578125 32.105469 L 34.417969 32.105469 C 35.523438 32.105469 36.417969 31.210938 36.417969 30.105469 L 36.417969 26.9375 L 89 26.9375 L 89 19.9375 Z M 58.421875 43.578125 C 58.421875 42.476562 57.527344 41.578125 56.421875 41.578125 L 43.582031 41.578125 C 42.480469 41.578125 41.582031 42.476562 41.582031 43.578125 L 41.582031 46.5 L 11 46.5 L 11 53.5 L 41.582031 53.5 L 41.582031 56.421875 C 41.582031 57.527344 42.480469 58.421875 43.582031 58.421875 L 56.421875 58.421875 C 57.527344 58.421875 58.421875 57.527344 58.421875 56.421875 L 58.421875 53.5 L 89 53.5 L 89 46.5 L 58.421875 46.5 Z M 80.417969 70.140625 C 80.417969 69.035156 79.523438 68.140625 78.417969 68.140625 L 65.578125 68.140625 C 64.476562 68.140625 63.578125 69.035156 63.578125 70.140625 L 63.578125 73.0625 L 11 73.0625 L 11 80.0625 L 63.578125 80.0625 L 63.578125 82.984375 C 63.578125 84.085938 64.476562 84.984375 65.578125 84.984375 L 78.417969 84.984375 C 79.523438 84.984375 80.417969 84.085938 80.417969 82.984375 L 80.417969 80.0625 L 89 80.0625 L 89 73.0625 L 80.417969 73.0625 Z M 80.417969 70.140625\"\/><\/svg><\/a><div class=\"awsm-filter-items\"><div class=\"awsm-filter-item\" data-filter=\"job__type_spec\"><label for=\"awsm-job-type-filter-option-1\" class=\"awsm-sr-only\">   Type de contrat<\/label><select name=\"awsm_job_spec[job-type]\" class=\"awsm-filter-option awsm-job-type-filter-option\" id=\"awsm-job-type-filter-option-1\" aria-label=\"   Type de contrat\"><option value=\"\">   Type de contrat<\/option><option value=\"123\" data-slug=\"alternance\">Alternance<\/option><option value=\"55\" data-slug=\"cdi-fr\">CDI<\/option><\/select><\/div><div class=\"awsm-filter-item\" data-filter=\"job__location_spec\"><label for=\"awsm-job-location-filter-option-1\" class=\"awsm-sr-only\">   Lieu du contrat<\/label><select name=\"awsm_job_spec[job-location]\" class=\"awsm-filter-option awsm-job-location-filter-option\" id=\"awsm-job-location-filter-option-1\" aria-label=\"   Lieu du contrat\"><option value=\"\">   Lieu du contrat<\/option><option value=\"124\" data-slug=\"saint-laurent-blangy\">Saint-Laurent-Blangy<\/option><\/select><\/div><\/div><input type=\"hidden\" name=\"lang\" value=\"fr\"><input type=\"hidden\" name=\"action\" value=\"jobfilter\"><\/form><\/div>\n\t\t<div class=\"awsm-job-listings awsm-lists\" data-listings=\"10\" data-lang=\"fr\">\n\t\t\t<div class=\"awsm-job-listing-item awsm-list-item\" id=\"awsm-list-item-4777\">\t\t<div class=\"awsm-job-item\">\t\t\t<div class=\"awsm-list-left-col\">\n\t\t\t\t\n\t\t\t\t\n\t\t\t\t<h2 class=\"awsm-job-post-title\">\n\t\t\t\t\t<a href=\"https:\/\/battri.co\/fr\/jobs\/technicien-de-maintenance-electromecanique-h-f\/\">Technicien de maintenance \u00e9lectrom\u00e9canique (H\/F)<\/a>\t\t\t\t<\/h2>\n\n\t\t\t\t\t\t\t<\/div>\n\n\t\t\t<div class=\"awsm-list-right-col\">\n\t\t\t\t<div class=\"awsm-job-specification-wrapper\"><div class=\"awsm-job-specification-item awsm-job-specification-job-type\"><i class=\"awsm-job-icon-calendar\"><\/i><span class=\"awsm-job-specification-term\">CDI<\/span> <\/div><div class=\"awsm-job-specification-item awsm-job-specification-job-location\"><i class=\"awsm-job-icon-location-arrow\"><\/i><span class=\"awsm-job-specification-term\">Saint-Laurent-Blangy<\/span> <\/div><\/div><div class=\"awsm-job-more-container\"><a class=\"awsm-job-more\" href=\"https:\/\/battri.co\/fr\/jobs\/technicien-de-maintenance-electromecanique-h-f\/\">En savoir plus <span><\/span><\/a><\/div>\t\t\t<\/div>\n\t\t<\/div>\t<\/div><div class=\"awsm-job-listing-item awsm-list-item\" id=\"awsm-list-item-4458\">\t\t<div class=\"awsm-job-item\">\t\t\t<div class=\"awsm-list-left-col\">\n\t\t\t\t\n\t\t\t\t\n\t\t\t\t<h2 class=\"awsm-job-post-title\">\n\t\t\t\t\t<a href=\"https:\/\/battri.co\/fr\/jobs\/alternant-qhse-h-f\/\">Alternant QHSE (H\/F)<\/a>\t\t\t\t<\/h2>\n\n\t\t\t\t\t\t\t<\/div>\n\n\t\t\t<div class=\"awsm-list-right-col\">\n\t\t\t\t<div class=\"awsm-job-specification-wrapper\"><div class=\"awsm-job-specification-item awsm-job-specification-job-type\"><i class=\"awsm-job-icon-calendar\"><\/i><span class=\"awsm-job-specification-term\">Alternance<\/span> <\/div><div class=\"awsm-job-specification-item awsm-job-specification-job-location\"><i class=\"awsm-job-icon-location-arrow\"><\/i><span class=\"awsm-job-specification-term\">Saint-Laurent-Blangy<\/span> <\/div><\/div><div class=\"awsm-job-more-container\"><a class=\"awsm-job-more\" href=\"https:\/\/battri.co\/fr\/jobs\/alternant-qhse-h-f\/\">En savoir plus <span><\/span><\/a><\/div>\t\t\t<\/div>\n\t\t<\/div>\t<\/div><div class=\"awsm-job-listing-item awsm-list-item\" id=\"awsm-list-item-4342\">\t\t<div class=\"awsm-job-item\">\t\t\t<div class=\"awsm-list-left-col\">\n\t\t\t\t\n\t\t\t\t\n\t\t\t\t<h2 class=\"awsm-job-post-title\">\n\t\t\t\t\t<a href=\"https:\/\/battri.co\/fr\/jobs\/technicien-chimiste-h-f\/\">Responsable Supply Chain (H\/F)<\/a>\t\t\t\t<\/h2>\n\n\t\t\t\t\t\t\t<\/div>\n\n\t\t\t<div class=\"awsm-list-right-col\">\n\t\t\t\t<div class=\"awsm-job-specification-wrapper\"><div class=\"awsm-job-specification-item awsm-job-specification-job-type\"><i class=\"awsm-job-icon-calendar\"><\/i><span class=\"awsm-job-specification-term\">CDI<\/span> <\/div><div class=\"awsm-job-specification-item awsm-job-specification-job-location\"><i class=\"awsm-job-icon-location-arrow\"><\/i><span class=\"awsm-job-specification-term\">Saint-Laurent-Blangy<\/span> <\/div><\/div><div class=\"awsm-job-more-container\"><a class=\"awsm-job-more\" href=\"https:\/\/battri.co\/fr\/jobs\/technicien-chimiste-h-f\/\">En savoir plus <span><\/span><\/a><\/div>\t\t\t<\/div>\n\t\t<\/div>\t<\/div><div class=\"awsm-job-listing-item awsm-job-expired-item awsm-list-item\" id=\"awsm-list-item-4627\">\t\t<div class=\"awsm-job-item\">\t\t\t<div class=\"awsm-list-left-col\">\n\t\t\t\t\n\t\t\t\t\n\t\t\t\t<h2 class=\"awsm-job-post-title\">\n\t\t\t\t\t<a href=\"https:\/\/battri.co\/fr\/?post_type=awsm_job_openings&#038;p=4627\">Op\u00e9rateur de d\u00e9charge de batteries lithium-ion H\/F<\/a>\t\t\t\t<\/h2>\n\n\t\t\t\t\t\t\t<\/div>\n\n\t\t\t<div class=\"awsm-list-right-col\">\n\t\t\t\t<div class=\"awsm-job-specification-wrapper\"><div class=\"awsm-job-specification-item awsm-job-specification-job-type\"><i class=\"awsm-job-icon-calendar\"><\/i><span class=\"awsm-job-specification-term\">CDI<\/span> <\/div><div class=\"awsm-job-specification-item awsm-job-specification-job-location\"><i class=\"awsm-job-icon-location-arrow\"><\/i><span class=\"awsm-job-specification-term\">Saint-Laurent-Blangy<\/span> <\/div><\/div><div class=\"awsm-job-more-container\"><a class=\"awsm-job-more\" href=\"https:\/\/battri.co\/fr\/?post_type=awsm_job_openings&#038;p=4627\">En savoir plus <span><\/span><\/a><\/div>\t\t\t<\/div>\n\t\t<\/div>\t<\/div><div class=\"awsm-job-listing-item awsm-job-expired-item awsm-list-item\" id=\"awsm-list-item-4663\">\t\t<div class=\"awsm-job-item\">\t\t\t<div class=\"awsm-list-left-col\">\n\t\t\t\t\n\t\t\t\t\n\t\t\t\t<h2 class=\"awsm-job-post-title\">\n\t\t\t\t\t<a href=\"https:\/\/battri.co\/fr\/?post_type=awsm_job_openings&#038;p=4663\">Op\u00e9rateur de production polyvalent H\/F<\/a>\t\t\t\t<\/h2>\n\n\t\t\t\t\t\t\t<\/div>\n\n\t\t\t<div class=\"awsm-list-right-col\">\n\t\t\t\t<div class=\"awsm-job-specification-wrapper\"><div class=\"awsm-job-specification-item awsm-job-specification-job-type\"><i class=\"awsm-job-icon-calendar\"><\/i><span class=\"awsm-job-specification-term\">CDI<\/span> <\/div><div class=\"awsm-job-specification-item awsm-job-specification-job-location\"><i class=\"awsm-job-icon-location-arrow\"><\/i><span class=\"awsm-job-specification-term\">Saint-Laurent-Blangy<\/span> <\/div><\/div><div class=\"awsm-job-more-container\"><a class=\"awsm-job-more\" href=\"https:\/\/battri.co\/fr\/?post_type=awsm_job_openings&#038;p=4663\">En savoir plus <span><\/span><\/a><\/div>\t\t\t<\/div>\n\t\t<\/div>\t<\/div><div class=\"awsm-job-listing-item awsm-list-item\" id=\"awsm-list-item-4459\">\t\t<div class=\"awsm-job-item\">\t\t\t<div class=\"awsm-list-left-col\">\n\t\t\t\t\n\t\t\t\t\n\t\t\t\t<h2 class=\"awsm-job-post-title\">\n\t\t\t\t\t<a href=\"https:\/\/battri.co\/fr\/jobs\/assistant-administratif-et-logistique-h-f\/\">Op\u00e9rateur de tri-contr\u00f4le qualit\u00e9 (H\/F)<\/a>\t\t\t\t<\/h2>\n\n\t\t\t\t\t\t\t<\/div>\n\n\t\t\t<div class=\"awsm-list-right-col\">\n\t\t\t\t<div class=\"awsm-job-specification-wrapper\"><div class=\"awsm-job-specification-item awsm-job-specification-job-type\"><i class=\"awsm-job-icon-calendar\"><\/i><span class=\"awsm-job-specification-term\">CDI<\/span> <\/div><div class=\"awsm-job-specification-item awsm-job-specification-job-location\"><i class=\"awsm-job-icon-location-arrow\"><\/i><span class=\"awsm-job-specification-term\">Saint-Laurent-Blangy<\/span> <\/div><\/div><div class=\"awsm-job-more-container\"><a class=\"awsm-job-more\" href=\"https:\/\/battri.co\/fr\/jobs\/assistant-administratif-et-logistique-h-f\/\">En savoir plus <span><\/span><\/a><\/div>\t\t\t<\/div>\n\t\t<\/div>\t<\/div>\t\t<\/div>\n\n\t<\/div>\n\t\t\t\t\t\t\t\t\t<\/div>\n\t\t\t\t<\/div>\n\t\t\t\t\t<\/div>\n\t\t<\/div>\n\t\t\t\t\t<\/div>\n\t\t<\/section>\n\t\t\t\t<\/div>\n\t\t","protected":false},"excerpt":{"rendered":"<p>Nous rejoindre Nous avons pour objectif de devenir un acteur europ\u00e9en incontournable dans le recyclage des batteries lithium-ion. Vous \u00eates un(e) entrepreneur(se) dans l\u2019\u00e2me, vous aimez l\u2019industrie et vous voulez participer au d\u00e9veloppement d\u2019une start-up \u00e0 impact ? Rejoignez-nous ! Offres d&#8217;emploi<\/p>\n","protected":false},"author":2,"featured_media":0,"parent":0,"menu_order":0,"comment_status":"closed","ping_status":"closed","template":"","meta":{"_seopress_robots_primary_cat":"","_seopress_titles_title":"","_seopress_titles_desc":"","_seopress_robots_index":"","footnotes":""},"class_list":["post-4069","page","type-page","status-publish","hentry"],"_links":{"self":[{"href":"https:\/\/battri.co\/fr\/wp-json\/wp\/v2\/pages\/4069","targetHints":{"allow":["GET"]}}],"collection":[{"href":"https:\/\/battri.co\/fr\/wp-json\/wp\/v2\/pages"}],"about":[{"href":"https:\/\/battri.co\/fr\/wp-json\/wp\/v2\/types\/page"}],"author":[{"embeddable":true,"href":"https:\/\/battri.co\/fr\/wp-json\/wp\/v2\/users\/2"}],"replies":[{"embeddable":true,"href":"https:\/\/battri.co\/fr\/wp-json\/wp\/v2\/comments?post=4069"}],"version-history":[{"count":114,"href":"https:\/\/battri.co\/fr\/wp-json\/wp\/v2\/pages\/4069\/revisions"}],"predecessor-version":[{"id":4782,"href":"https:\/\/battri.co\/fr\/wp-json\/wp\/v2\/pages\/4069\/revisions\/4782"}],"wp:attachment":[{"href":"https:\/\/battri.co\/fr\/wp-json\/wp\/v2\/media?parent=4069"}],"curies":[{"name":"wp","href":"https:\/\/api.w.org\/{rel}","templated":true}]}}