{"id":3898,"date":"2022-09-28T13:49:32","date_gmt":"2022-09-28T11:49:32","guid":{"rendered":"https:\/\/battri.co\/a-propos\/"},"modified":"2025-02-12T15:21:27","modified_gmt":"2025-02-12T14:21:27","slug":"a-propos","status":"publish","type":"page","link":"https:\/\/battri.co\/fr\/a-propos\/","title":{"rendered":"\u00c0 propos"},"content":{"rendered":"\t\t<div data-elementor-type=\"wp-page\" data-elementor-id=\"3898\" class=\"elementor elementor-3898 elementor-50\" data-elementor-post-type=\"page\">\n\t\t\t\t\t\t<section class=\"elementor-section elementor-top-section elementor-element elementor-element-dd0bf45 elementor-section-full_width elementor-section-height-default elementor-section-height-default\" data-id=\"dd0bf45\" data-element_type=\"section\">\n\t\t\t\t\t\t<div class=\"elementor-container elementor-column-gap-no\">\n\t\t\t\t\t<div class=\"elementor-column elementor-col-50 elementor-top-column elementor-element elementor-element-3b42455f\" data-id=\"3b42455f\" data-element_type=\"column\">\n\t\t\t<div class=\"elementor-widget-wrap elementor-element-populated\">\n\t\t\t\t\t\t<div class=\"elementor-element elementor-element-54d3c22 elementor-widget elementor-widget-heading\" data-id=\"54d3c22\" data-element_type=\"widget\" data-widget_type=\"heading.default\">\n\t\t\t\t<div class=\"elementor-widget-container\">\n\t\t\t\t\t<h1 class=\"elementor-heading-title elementor-size-default\">Nous construisons un leader du recyclage de batteries lithium-ion en Europe<\/h1>\t\t\t\t<\/div>\n\t\t\t\t<\/div>\n\t\t\t\t<div class=\"elementor-element elementor-element-18f3e9ae elementor-widget__width-initial elementor-widget elementor-widget-text-editor\" data-id=\"18f3e9ae\" data-element_type=\"widget\" data-widget_type=\"text-editor.default\">\n\t\t\t\t<div class=\"elementor-widget-container\">\n\t\t\t\t\t\t\t\t\t<p>Notre vision est de cr\u00e9er une des plus grandes entreprises Europ\u00e9enne du recyclage des batteries lithium L&rsquo;Europe disposera ainsi de moyens respectueux de l&rsquo;environnement pour recycler un nombre toujours croissant de batteries lithium-ion.<\/p><p>Ces batteries sont n\u00e9cessaires pour alimenter la transition \u00e9cologique<\/p>\t\t\t\t\t\t\t\t<\/div>\n\t\t\t\t<\/div>\n\t\t\t\t\t<\/div>\n\t\t<\/div>\n\t\t\t\t<div class=\"elementor-column elementor-col-50 elementor-top-column elementor-element elementor-element-6ad69dad\" data-id=\"6ad69dad\" data-element_type=\"column\" data-settings=\"{&quot;background_background&quot;:&quot;classic&quot;}\">\n\t\t\t<div class=\"elementor-widget-wrap elementor-element-populated\">\n\t\t\t\t\t\t<div class=\"elementor-element elementor-element-989f1ef elementor-hidden-tablet elementor-hidden-mobile elementor-widget elementor-widget-spacer\" data-id=\"989f1ef\" data-element_type=\"widget\" data-widget_type=\"spacer.default\">\n\t\t\t\t<div class=\"elementor-widget-container\">\n\t\t\t\t\t\t\t<div class=\"elementor-spacer\">\n\t\t\t<div class=\"elementor-spacer-inner\"><\/div>\n\t\t<\/div>\n\t\t\t\t\t\t<\/div>\n\t\t\t\t<\/div>\n\t\t\t\t\t<\/div>\n\t\t<\/div>\n\t\t\t\t\t<\/div>\n\t\t<\/section>\n\t\t\t\t<section class=\"elementor-section elementor-top-section elementor-element elementor-element-a992990 elementor-section-full_width elementor-section-height-default elementor-section-height-default\" data-id=\"a992990\" data-element_type=\"section\">\n\t\t\t\t\t\t<div class=\"elementor-container elementor-column-gap-no\">\n\t\t\t\t\t<div class=\"elementor-column elementor-col-50 elementor-top-column elementor-element elementor-element-1c07675\" data-id=\"1c07675\" data-element_type=\"column\" data-settings=\"{&quot;background_background&quot;:&quot;classic&quot;}\">\n\t\t\t<div class=\"elementor-widget-wrap elementor-element-populated\">\n\t\t\t\t\t\t<div class=\"elementor-element elementor-element-601574c elementor-widget elementor-widget-spacer\" data-id=\"601574c\" data-element_type=\"widget\" data-widget_type=\"spacer.default\">\n\t\t\t\t<div class=\"elementor-widget-container\">\n\t\t\t\t\t\t\t<div class=\"elementor-spacer\">\n\t\t\t<div class=\"elementor-spacer-inner\"><\/div>\n\t\t<\/div>\n\t\t\t\t\t\t<\/div>\n\t\t\t\t<\/div>\n\t\t\t\t\t<\/div>\n\t\t<\/div>\n\t\t\t\t<div class=\"elementor-column elementor-col-50 elementor-top-column elementor-element elementor-element-e257aef\" data-id=\"e257aef\" data-element_type=\"column\">\n\t\t\t<div class=\"elementor-widget-wrap elementor-element-populated\">\n\t\t\t\t\t\t<div class=\"elementor-element elementor-element-adfc2dc elementor-widget elementor-widget-heading\" data-id=\"adfc2dc\" data-element_type=\"widget\" data-widget_type=\"heading.default\">\n\t\t\t\t<div class=\"elementor-widget-container\">\n\t\t\t\t\t<h1 class=\"elementor-heading-title elementor-size-default\">Notre objectif<\/h1>\t\t\t\t<\/div>\n\t\t\t\t<\/div>\n\t\t\t\t<div class=\"elementor-element elementor-element-1a8be6a elementor-widget__width-initial elementor-widget elementor-widget-text-editor\" data-id=\"1a8be6a\" data-element_type=\"widget\" data-widget_type=\"text-editor.default\">\n\t\t\t\t<div class=\"elementor-widget-container\">\n\t\t\t\t\t\t\t\t\t<p>La d\u00e9gradation des habitats naturels \u00e0 travers le monde est aujourd\u2019hui une r\u00e9alit\u00e9 incontestable.<\/p><p>Chez Battri, la pr\u00e9servation de l\u2019environnement pour les g\u00e9n\u00e9rations futures et la durabilit\u00e9 sont au c\u0153ur de toutes nos actions.<\/p><p>Notre \u00e9quipe est profond\u00e9ment engag\u00e9e \u00e0 contribuer aux progr\u00e8s positifs de l\u2019industrie des batteries et du recyclage, afin d\u2019assurer un avenir durable pour tous.<\/p>\t\t\t\t\t\t\t\t<\/div>\n\t\t\t\t<\/div>\n\t\t\t\t\t<\/div>\n\t\t<\/div>\n\t\t\t\t\t<\/div>\n\t\t<\/section>\n\t\t\t\t<section class=\"elementor-section elementor-top-section elementor-element elementor-element-23aa1cdb elementor-section-full_width elementor-section-height-default elementor-section-height-default\" data-id=\"23aa1cdb\" data-element_type=\"section\" id=\"next\">\n\t\t\t\t\t\t<div class=\"elementor-container elementor-column-gap-no\">\n\t\t\t\t\t<div class=\"elementor-column elementor-col-100 elementor-top-column elementor-element elementor-element-2256c3dd\" data-id=\"2256c3dd\" data-element_type=\"column\">\n\t\t\t<div class=\"elementor-widget-wrap elementor-element-populated\">\n\t\t\t\t\t\t<div class=\"elementor-element elementor-element-7bc27bab elementor-widget elementor-widget-heading\" data-id=\"7bc27bab\" data-element_type=\"widget\" data-widget_type=\"heading.default\">\n\t\t\t\t<div class=\"elementor-widget-container\">\n\t\t\t\t\t<h3 class=\"elementor-heading-title elementor-size-default\">Notre \u00e9quipe<\/h3>\t\t\t\t<\/div>\n\t\t\t\t<\/div>\n\t\t\t\t<div class=\"elementor-element elementor-element-4f552fe4 elementor-widget elementor-widget-heading\" data-id=\"4f552fe4\" data-element_type=\"widget\" data-widget_type=\"heading.default\">\n\t\t\t\t<div class=\"elementor-widget-container\">\n\t\t\t\t\t<p class=\"elementor-heading-title elementor-size-default\">Notre \u00e9quipe de direction poss\u00e8de une exp\u00e9rience significative dans le recyclage des batteries lithium-ion, la fabrication automobile et la technologie.<\/p>\t\t\t\t<\/div>\n\t\t\t\t<\/div>\n\t\t\t\t\t<\/div>\n\t\t<\/div>\n\t\t\t\t\t<\/div>\n\t\t<\/section>\n\t\t\t\t<section class=\"elementor-section elementor-top-section elementor-element elementor-element-50dc1c9b elementor-section-boxed elementor-section-height-default elementor-section-height-default\" data-id=\"50dc1c9b\" data-element_type=\"section\">\n\t\t\t\t\t\t<div class=\"elementor-container elementor-column-gap-wide\">\n\t\t\t\t\t<div class=\"elementor-column elementor-col-25 elementor-top-column elementor-element elementor-element-65618c6e\" data-id=\"65618c6e\" data-element_type=\"column\">\n\t\t\t<div class=\"elementor-widget-wrap elementor-element-populated\">\n\t\t\t\t\t\t<div class=\"elementor-element elementor-element-113c7803 elementor-position-top elementor-widget elementor-widget-image-box\" data-id=\"113c7803\" data-element_type=\"widget\" data-widget_type=\"image-box.default\">\n\t\t\t\t<div class=\"elementor-widget-container\">\n\t\t\t\t\t<div class=\"elementor-image-box-wrapper\"><figure class=\"elementor-image-box-img\"><a href=\"https:\/\/www.linkedin.com\/in\/maxime-treves-8341917\/?originalSubdomain=fr\" tabindex=\"-1\"><img fetchpriority=\"high\" decoding=\"async\" width=\"800\" height=\"800\" src=\"https:\/\/battri.co\/wp-content\/uploads\/2022\/12\/max.jpg\" class=\"attachment-full size-full wp-image-1704\" alt=\"\" srcset=\"https:\/\/battri.co\/wp-content\/uploads\/2022\/12\/max.jpg 800w, https:\/\/battri.co\/wp-content\/uploads\/2022\/12\/max-300x300.jpg 300w, https:\/\/battri.co\/wp-content\/uploads\/2022\/12\/max-150x150.jpg 150w, https:\/\/battri.co\/wp-content\/uploads\/2022\/12\/max-768x768.jpg 768w\" sizes=\"(max-width: 800px) 100vw, 800px\" \/><\/a><\/figure><div class=\"elementor-image-box-content\"><h3 class=\"elementor-image-box-title\"><a href=\"https:\/\/www.linkedin.com\/in\/maxime-treves-8341917\/?originalSubdomain=fr\">Maxime Tr\u00e8ves <br><span style=\"font-weight: normal\">PDG<\/span><\/a><\/h3><p class=\"elementor-image-box-description\">Pr\u00e9c\u00e9dente exp\u00e9rience chez Treves Group en tant que Vice Pr\u00e9sident et chez Uber en tant que  responsable des programme v\u00e9hicules pour la r\u00e9gion EMEA.<\/p><\/div><\/div>\t\t\t\t<\/div>\n\t\t\t\t<\/div>\n\t\t\t\t\t<\/div>\n\t\t<\/div>\n\t\t\t\t<div class=\"elementor-column elementor-col-25 elementor-top-column elementor-element elementor-element-7e9081e1\" data-id=\"7e9081e1\" data-element_type=\"column\">\n\t\t\t<div class=\"elementor-widget-wrap elementor-element-populated\">\n\t\t\t\t\t\t<div class=\"elementor-element elementor-element-35d82e73 elementor-position-top elementor-widget elementor-widget-image-box\" data-id=\"35d82e73\" data-element_type=\"widget\" data-widget_type=\"image-box.default\">\n\t\t\t\t<div class=\"elementor-widget-container\">\n\t\t\t\t\t<div class=\"elementor-image-box-wrapper\"><figure class=\"elementor-image-box-img\"><img decoding=\"async\" width=\"298\" height=\"298\" src=\"https:\/\/battri.co\/wp-content\/uploads\/2022\/11\/unnamed.jpg\" class=\"attachment-full size-full wp-image-488\" alt=\"\" srcset=\"https:\/\/battri.co\/wp-content\/uploads\/2022\/11\/unnamed.jpg 298w, https:\/\/battri.co\/wp-content\/uploads\/2022\/11\/unnamed-150x150.jpg 150w\" sizes=\"(max-width: 298px) 100vw, 298px\" \/><\/figure><div class=\"elementor-image-box-content\"><h3 class=\"elementor-image-box-title\">Patrick Archier <br><span style=\"font-weight: normal\">Directeur des op\u00e9rations<\/span><\/h3><p class=\"elementor-image-box-description\">Pr\u00e9c\u00e9dente exp\u00e9rience dans la construction et la gestion d'installations de recyclage de batteries Li-ion dans toute l'Europe.<\/p><\/div><\/div>\t\t\t\t<\/div>\n\t\t\t\t<\/div>\n\t\t\t\t\t<\/div>\n\t\t<\/div>\n\t\t\t\t<div class=\"elementor-column elementor-col-25 elementor-top-column elementor-element elementor-element-1f8cf3ce\" data-id=\"1f8cf3ce\" data-element_type=\"column\">\n\t\t\t<div class=\"elementor-widget-wrap elementor-element-populated\">\n\t\t\t\t\t\t<div class=\"elementor-element elementor-element-3270435d elementor-position-top elementor-widget elementor-widget-image-box\" data-id=\"3270435d\" data-element_type=\"widget\" data-widget_type=\"image-box.default\">\n\t\t\t\t<div class=\"elementor-widget-container\">\n\t\t\t\t\t<div class=\"elementor-image-box-wrapper\"><figure class=\"elementor-image-box-img\"><a href=\"https:\/\/www.linkedin.com\/in\/andrew-moeller-b285aa58\/\" tabindex=\"-1\"><img decoding=\"async\" width=\"800\" height=\"800\" src=\"https:\/\/battri.co\/wp-content\/uploads\/2022\/12\/1567028275330.jpg\" class=\"attachment-full size-full wp-image-1703\" alt=\"\" srcset=\"https:\/\/battri.co\/wp-content\/uploads\/2022\/12\/1567028275330.jpg 800w, https:\/\/battri.co\/wp-content\/uploads\/2022\/12\/1567028275330-300x300.jpg 300w, https:\/\/battri.co\/wp-content\/uploads\/2022\/12\/1567028275330-150x150.jpg 150w, https:\/\/battri.co\/wp-content\/uploads\/2022\/12\/1567028275330-768x768.jpg 768w\" sizes=\"(max-width: 800px) 100vw, 800px\" \/><\/a><\/figure><div class=\"elementor-image-box-content\"><h3 class=\"elementor-image-box-title\"><a href=\"https:\/\/www.linkedin.com\/in\/andrew-moeller-b285aa58\/\">Andrew Moeller <br><span style=\"font-weight: normal\"> Directeur<\/span><\/a><\/h3><p class=\"elementor-image-box-description\">Pr\u00e9c\u00e9dente exp\u00e9rience chez Uber, o\u00f9 Andrew \u00e9tait responsable du programme de v\u00e9hicules \u00e9lectriques d'Uber pour l'Europe.<\/p><\/div><\/div>\t\t\t\t<\/div>\n\t\t\t\t<\/div>\n\t\t\t\t\t<\/div>\n\t\t<\/div>\n\t\t\t\t<div class=\"elementor-column elementor-col-25 elementor-top-column elementor-element elementor-element-15db7791\" data-id=\"15db7791\" data-element_type=\"column\">\n\t\t\t<div class=\"elementor-widget-wrap elementor-element-populated\">\n\t\t\t\t\t\t<div class=\"elementor-element elementor-element-289ea355 elementor-position-top elementor-widget elementor-widget-image-box\" data-id=\"289ea355\" data-element_type=\"widget\" data-widget_type=\"image-box.default\">\n\t\t\t\t<div class=\"elementor-widget-container\">\n\t\t\t\t\t<div class=\"elementor-image-box-wrapper\"><figure class=\"elementor-image-box-img\"><a href=\"https:\/\/www.linkedin.com\/in\/sebastien-romet-08557514\/\" tabindex=\"-1\"><img loading=\"lazy\" decoding=\"async\" width=\"800\" height=\"800\" src=\"https:\/\/battri.co\/wp-content\/uploads\/2022\/12\/1654850904894.jpg\" class=\"attachment-full size-full wp-image-1705\" alt=\"\" srcset=\"https:\/\/battri.co\/wp-content\/uploads\/2022\/12\/1654850904894.jpg 800w, https:\/\/battri.co\/wp-content\/uploads\/2022\/12\/1654850904894-300x300.jpg 300w, https:\/\/battri.co\/wp-content\/uploads\/2022\/12\/1654850904894-150x150.jpg 150w, https:\/\/battri.co\/wp-content\/uploads\/2022\/12\/1654850904894-768x768.jpg 768w\" sizes=\"(max-width: 800px) 100vw, 800px\" \/><\/a><\/figure><div class=\"elementor-image-box-content\"><h3 class=\"elementor-image-box-title\"><a href=\"https:\/\/www.linkedin.com\/in\/sebastien-romet-08557514\/\">Sebastien Romet <br><span style=\"font-weight: normal\">Directeur<\/span><\/a><\/h3><p class=\"elementor-image-box-description\">Pr\u00e9c\u00e9dente exp\u00e9rience dans le conseil avec un focus sur les projets de licence et de l'immobilier. Seb est \u00e9galement un ancien officier de la Marine fran\u00e7aise.<\/p><\/div><\/div>\t\t\t\t<\/div>\n\t\t\t\t<\/div>\n\t\t\t\t\t<\/div>\n\t\t<\/div>\n\t\t\t\t\t<\/div>\n\t\t<\/section>\n\t\t\t\t<section class=\"elementor-section elementor-top-section elementor-element elementor-element-2147c6d elementor-section-boxed elementor-section-height-default elementor-section-height-default\" data-id=\"2147c6d\" data-element_type=\"section\" data-settings=\"{&quot;background_background&quot;:&quot;classic&quot;}\">\n\t\t\t\t\t\t<div class=\"elementor-container elementor-column-gap-no\">\n\t\t\t\t\t<div class=\"elementor-column elementor-col-100 elementor-top-column elementor-element elementor-element-aee7763\" data-id=\"aee7763\" data-element_type=\"column\" data-settings=\"{&quot;background_background&quot;:&quot;classic&quot;}\">\n\t\t\t<div class=\"elementor-widget-wrap elementor-element-populated\">\n\t\t\t\t\t\t<div class=\"elementor-element elementor-element-36e2106 elementor-arrows-position-outside elementor-widget__width-initial elementor-pagination-position-outside elementor-widget elementor-widget-image-carousel\" data-id=\"36e2106\" data-element_type=\"widget\" data-settings=\"{&quot;slides_to_show_tablet&quot;:&quot;4&quot;,&quot;pause_on_hover&quot;:&quot;no&quot;,&quot;pause_on_interaction&quot;:&quot;no&quot;,&quot;slides_to_scroll_tablet&quot;:&quot;1&quot;,&quot;speed&quot;:80,&quot;slides_to_scroll_mobile&quot;:&quot;1&quot;,&quot;lazyload&quot;:&quot;yes&quot;,&quot;navigation&quot;:&quot;both&quot;,&quot;autoplay&quot;:&quot;yes&quot;,&quot;autoplay_speed&quot;:5000,&quot;infinite&quot;:&quot;yes&quot;}\" data-widget_type=\"image-carousel.default\">\n\t\t\t\t<div class=\"elementor-widget-container\">\n\t\t\t\t\t\t\t<div class=\"elementor-image-carousel-wrapper swiper\" role=\"region\" aria-roledescription=\"carousel\" aria-label=\"Image Carousel\" dir=\"ltr\">\n\t\t\t<div class=\"elementor-image-carousel swiper-wrapper\" aria-live=\"off\">\n\t\t\t\t\t\t\t\t<div class=\"swiper-slide\" role=\"group\" aria-roledescription=\"slide\" aria-label=\"1 sur 5\"><figure class=\"swiper-slide-inner\"><img class=\"swiper-slide-image swiper-lazy\" data-src=\"https:\/\/battri.co\/wp-content\/uploads\/elementor\/thumbs\/5-pxt0k5k9tmvmvol12l9gb320tvbo8gvgth8i53rh9u.png\" alt=\"5\" \/><div class=\"swiper-lazy-preloader\"><\/div><\/figure><\/div><div class=\"swiper-slide\" role=\"group\" aria-roledescription=\"slide\" aria-label=\"2 sur 5\"><figure class=\"swiper-slide-inner\"><img class=\"swiper-slide-image swiper-lazy\" data-src=\"https:\/\/battri.co\/wp-content\/uploads\/elementor\/thumbs\/6-pxt0k6i40gwx7ajnx3o2vkthf971g5z75lvzmdq2xs.jpg\" alt=\"6\" \/><div class=\"swiper-lazy-preloader\"><\/div><\/figure><\/div><div class=\"swiper-slide\" role=\"group\" aria-roledescription=\"slide\" aria-label=\"3 sur 5\"><figure class=\"swiper-slide-inner\"><img class=\"swiper-slide-image swiper-lazy\" data-src=\"https:\/\/battri.co\/wp-content\/uploads\/elementor\/thumbs\/3-1-pxt0k4mfmsuck2me82utqlak8hgb0rrqhcl0ntsuu4.png\" alt=\"3\" \/><div class=\"swiper-lazy-preloader\"><\/div><\/figure><\/div><div class=\"swiper-slide\" role=\"group\" aria-roledescription=\"slide\" aria-label=\"4 sur 5\"><figure class=\"swiper-slide-inner\"><img class=\"swiper-slide-image swiper-lazy\" data-src=\"https:\/\/battri.co\/wp-content\/uploads\/elementor\/thumbs\/2-1-pxt0k4mfmsuck2me82utqlak8hgb0rrqhcl0ntsut0.png\" alt=\"2\" \/><div class=\"swiper-lazy-preloader\"><\/div><\/figure><\/div><div class=\"swiper-slide\" role=\"group\" aria-roledescription=\"slide\" aria-label=\"5 sur 5\"><figure class=\"swiper-slide-inner\"><img class=\"swiper-slide-image swiper-lazy\" data-src=\"https:\/\/battri.co\/wp-content\/uploads\/elementor\/thumbs\/2560px-J_P_Morgan_Logo_2008_1.svg-q0lo0pwrvpnkd0kpfgz6rcpsgonz3jr7m4qhwub06c.png\" alt=\"2560px-J_P_Morgan_Logo_2008_1.svg\" \/><div class=\"swiper-lazy-preloader\"><\/div><\/figure><\/div>\t\t\t<\/div>\n\t\t\t\t\t\t\t\t\t\t\t\t<div class=\"elementor-swiper-button elementor-swiper-button-prev\" role=\"button\" tabindex=\"0\">\n\t\t\t\t\t\t<i aria-hidden=\"true\" class=\"eicon-chevron-left\"><\/i>\t\t\t\t\t<\/div>\n\t\t\t\t\t<div class=\"elementor-swiper-button elementor-swiper-button-next\" role=\"button\" tabindex=\"0\">\n\t\t\t\t\t\t<i aria-hidden=\"true\" class=\"eicon-chevron-right\"><\/i>\t\t\t\t\t<\/div>\n\t\t\t\t\n\t\t\t\t\t\t\t\t\t<div class=\"swiper-pagination\"><\/div>\n\t\t\t\t\t\t\t\t\t<\/div>\n\t\t\t\t\t\t<\/div>\n\t\t\t\t<\/div>\n\t\t\t\t\t<\/div>\n\t\t<\/div>\n\t\t\t\t\t<\/div>\n\t\t<\/section>\n\t\t\t\t<\/div>\n\t\t","protected":false},"excerpt":{"rendered":"<p>Nous construisons un leader du recyclage de batteries lithium-ion en Europe Notre vision est de cr\u00e9er une des plus grandes entreprises Europ\u00e9enne du recyclage des batteries lithium L&rsquo;Europe disposera ainsi de moyens respectueux de l&rsquo;environnement pour recycler un nombre toujours croissant de batteries lithium-ion. Ces batteries sont n\u00e9cessaires pour alimenter la transition \u00e9cologique Notre objectif [&hellip;]<\/p>\n","protected":false},"author":2,"featured_media":0,"parent":0,"menu_order":0,"comment_status":"closed","ping_status":"closed","template":"","meta":{"_seopress_robots_primary_cat":"","_seopress_titles_title":"","_seopress_titles_desc":"","_seopress_robots_index":"","footnotes":""},"class_list":["post-3898","page","type-page","status-publish","hentry"],"_links":{"self":[{"href":"https:\/\/battri.co\/fr\/wp-json\/wp\/v2\/pages\/3898","targetHints":{"allow":["GET"]}}],"collection":[{"href":"https:\/\/battri.co\/fr\/wp-json\/wp\/v2\/pages"}],"about":[{"href":"https:\/\/battri.co\/fr\/wp-json\/wp\/v2\/types\/page"}],"author":[{"embeddable":true,"href":"https:\/\/battri.co\/fr\/wp-json\/wp\/v2\/users\/2"}],"replies":[{"embeddable":true,"href":"https:\/\/battri.co\/fr\/wp-json\/wp\/v2\/comments?post=3898"}],"version-history":[{"count":30,"href":"https:\/\/battri.co\/fr\/wp-json\/wp\/v2\/pages\/3898\/revisions"}],"predecessor-version":[{"id":4439,"href":"https:\/\/battri.co\/fr\/wp-json\/wp\/v2\/pages\/3898\/revisions\/4439"}],"wp:attachment":[{"href":"https:\/\/battri.co\/fr\/wp-json\/wp\/v2\/media?parent=3898"}],"curies":[{"name":"wp","href":"https:\/\/api.w.org\/{rel}","templated":true}]}}